{"id":8854,"date":"2021-03-09T09:58:40","date_gmt":"2021-03-09T08:58:40","guid":{"rendered":"https:\/\/imago-technologies.com\/support\/"},"modified":"2026-04-27T10:46:32","modified_gmt":"2026-04-27T08:46:32","slug":"support","status":"publish","type":"page","link":"https:\/\/imago-technologies.com\/de\/support\/","title":{"rendered":"Support"},"content":{"rendered":"[vc_row type=&#8220;full_width_content&#8220; full_screen_row_position=&#8220;middle&#8220; column_margin=&#8220;default&#8220; column_direction=&#8220;default&#8220; column_direction_tablet=&#8220;default&#8220; column_direction_phone=&#8220;default&#8220; bg_color=&#8220;#003d5c&#8220; scene_position=&#8220;center&#8220; top_padding=&#8220;0&#8243; constrain_group_1=&#8220;yes&#8220; bottom_padding=&#8220;0&#8243; text_color=&#8220;light&#8220; text_align=&#8220;left&#8220; row_border_radius=&#8220;none&#8220; row_border_radius_applies=&#8220;bg&#8220; overlay_strength=&#8220;0.5&#8243; gradient_direction=&#8220;left_t_to_right_b&#8220; shape_divider_position=&#8220;bottom&#8220; shape_divider_height=&#8220;0&#8243; shape_divider_bring_to_front=&#8220;true&#8220; bg_image_animation=&#8220;none&#8220; parallax_bg=&#8220;true&#8220; parallax_bg_speed=&#8220;fast&#8220; shape_type=&#8220;triangle&#8220;][vc_column column_padding=&#8220;no-extra-padding&#8220; column_padding_tablet=&#8220;inherit&#8220; column_padding_phone=&#8220;inherit&#8220; column_padding_position=&#8220;all&#8220; top_margin=&#8220;-13&#8243; bottom_margin=&#8220;-13&#8243; background_color_opacity=&#8220;1&#8243; background_hover_color_opacity=&#8220;1&#8243; column_shadow=&#8220;none&#8220; column_border_radius=&#8220;none&#8220; column_link_target=&#8220;_self&#8220; gradient_direction=&#8220;left_to_right&#8220; overlay_strength=&#8220;0.3&#8243; width=&#8220;1\/1&#8243; tablet_width_inherit=&#8220;default&#8220; tablet_text_alignment=&#8220;default&#8220; phone_text_alignment=&#8220;default&#8220; column_border_width=&#8220;none&#8220; column_border_style=&#8220;solid&#8220; bg_image_animation=&#8220;none&#8220;][divider line_type=&#8220;Full Width Line&#8220; line_thickness=&#8220;2&#8243; divider_color=&#8220;accent-color&#8220;][\/vc_column][\/vc_row][vc_row type=&#8220;full_width_background&#8220; full_screen_row_position=&#8220;middle&#8220; column_margin=&#8220;default&#8220; column_direction=&#8220;default&#8220; column_direction_tablet=&#8220;default&#8220; column_direction_phone=&#8220;default&#8220; bg_image=&#8220;6807&#8243; bg_position=&#8220;left bottom&#8220; bg_repeat=&#8220;no-repeat&#8220; scene_position=&#8220;center&#8220; constrain_group_1=&#8220;yes&#8220; top_padding_tablet=&#8220;20%&#8220; bottom_padding_tablet=&#8220;25%&#8220; text_color=&#8220;light&#8220; text_align=&#8220;left&#8220; row_border_radius=&#8220;none&#8220; row_border_radius_applies=&#8220;bg&#8220; enable_gradient=&#8220;true&#8220; color_overlay=&#8220;#0081c3&#8243; color_overlay_2=&#8220;#ec6600&#8243; overlay_strength=&#8220;0.8&#8243; gradient_direction=&#8220;left_to_right&#8220; shape_divider_position=&#8220;bottom&#8220; bg_image_animation=&#8220;none&#8220; parallax_bg=&#8220;true&#8220; parallax_bg_speed=&#8220;fast&#8220; shape_type=&#8220;curve&#8220;][vc_column column_padding=&#8220;padding-10-percent&#8220; column_padding_tablet=&#8220;inherit&#8220; column_padding_phone=&#8220;inherit&#8220; column_padding_position=&#8220;top&#8220; centered_text=&#8220;true&#8220; background_color_opacity=&#8220;1&#8243; background_hover_color_opacity=&#8220;1&#8243; column_shadow=&#8220;none&#8220; column_border_radius=&#8220;none&#8220; column_link_target=&#8220;_self&#8220; gradient_direction=&#8220;left_to_right&#8220; overlay_strength=&#8220;0.3&#8243; width=&#8220;1\/1&#8243; tablet_width_inherit=&#8220;default&#8220; tablet_text_alignment=&#8220;default&#8220; phone_text_alignment=&#8220;default&#8220; column_border_width=&#8220;none&#8220; column_border_style=&#8220;solid&#8220; bg_image_animation=&#8220;none&#8220;][vc_row_inner content_placement=&#8220;bottom&#8220; column_margin=&#8220;none&#8220; column_direction=&#8220;default&#8220; column_direction_tablet=&#8220;default&#8220; column_direction_phone=&#8220;default&#8220; translate_y_tablet=&#8220;27px&#8220; translate_y_phone=&#8220;18px&#8220; translate_x_phone=&#8220;-30px&#8220; text_align=&#8220;center&#8220; min_width_phone=&#8220;400px&#8220;][vc_column_inner column_padding=&#8220;no-extra-padding&#8220; column_padding_tablet=&#8220;inherit&#8220; column_padding_phone=&#8220;inherit&#8220; column_padding_position=&#8220;all&#8220; background_color_opacity=&#8220;1&#8243; background_hover_color_opacity=&#8220;1&#8243; column_shadow=&#8220;none&#8220; column_border_radius=&#8220;none&#8220; column_link_target=&#8220;_self&#8220; gradient_direction=&#8220;left_to_right&#8220; overlay_strength=&#8220;0.3&#8243; width=&#8220;3\/4&#8243; tablet_width_inherit=&#8220;default&#8220; column_border_width=&#8220;none&#8220; column_border_style=&#8220;solid&#8220; bg_image_animation=&#8220;none&#8220; enable_animation=&#8220;true&#8220; animation=&#8220;fade-in-from-left&#8220; offset=&#8220;vc_col-xs-12&#8243;][nectar_highlighted_text color_type=&#8220;gradient&#8220; highlight_color=&#8220;#ff6b30&#8243; secondary_color=&#8220;rgba(255,107,48,0.01)&#8220; text_color=&#8220;rgba(255,255,255,0.6)&#8220; style=&#8220;half_text&#8220; custom_font_size=&#8220;5vh&#8220; delay=&#8220;200&#8243;]\n<h1 style=\"text-align: center;\"><em>Support<\/em><\/h1>\n[\/nectar_highlighted_text][\/vc_column_inner][vc_column_inner column_padding=&#8220;no-extra-padding&#8220; column_padding_tablet=&#8220;inherit&#8220; column_padding_phone=&#8220;inherit&#8220; column_padding_position=&#8220;all&#8220; background_color_opacity=&#8220;1&#8243; background_hover_color_opacity=&#8220;1&#8243; column_shadow=&#8220;none&#8220; column_border_radius=&#8220;none&#8220; column_link_target=&#8220;_self&#8220; gradient_direction=&#8220;left_to_right&#8220; overlay_strength=&#8220;0.3&#8243; width=&#8220;1\/4&#8243; tablet_width_inherit=&#8220;default&#8220; column_border_width=&#8220;none&#8220; column_border_style=&#8220;solid&#8220; bg_image_animation=&#8220;none&#8220; offset=&#8220;vc_hidden-xs&#8220;][\/vc_column_inner][\/vc_row_inner][\/vc_column][\/vc_row][vc_row type=&#8220;in_container&#8220; full_screen_row_position=&#8220;middle&#8220; column_margin=&#8220;default&#8220; column_direction=&#8220;default&#8220; column_direction_tablet=&#8220;default&#8220; column_direction_phone=&#8220;default&#8220; scene_position=&#8220;center&#8220; top_padding=&#8220;3%&#8220; bottom_padding=&#8220;0%&#8220; top_padding_phone=&#8220;10%&#8220; text_color=&#8220;dark&#8220; text_align=&#8220;left&#8220; row_border_radius=&#8220;none&#8220; row_border_radius_applies=&#8220;bg&#8220; overlay_strength=&#8220;0.3&#8243; gradient_direction=&#8220;left_to_right&#8220; shape_divider_position=&#8220;bottom&#8220; bg_image_animation=&#8220;none&#8220; shape_type=&#8220;&#8220;][vc_column column_padding=&#8220;no-extra-padding&#8220; column_padding_tablet=&#8220;inherit&#8220; column_padding_phone=&#8220;inherit&#8220; column_padding_position=&#8220;all&#8220; background_color_opacity=&#8220;1&#8243; background_hover_color_opacity=&#8220;1&#8243; column_shadow=&#8220;none&#8220; column_border_radius=&#8220;none&#8220; column_link_target=&#8220;_self&#8220; gradient_direction=&#8220;left_to_right&#8220; overlay_strength=&#8220;0.3&#8243; width=&#8220;1\/1&#8243; tablet_width_inherit=&#8220;default&#8220; tablet_text_alignment=&#8220;default&#8220; phone_text_alignment=&#8220;default&#8220; column_border_width=&#8220;none&#8220; column_border_style=&#8220;solid&#8220; bg_image_animation=&#8220;none&#8220;][vc_row_inner column_margin=&#8220;default&#8220; column_direction=&#8220;default&#8220; column_direction_tablet=&#8220;default&#8220; column_direction_phone=&#8220;default&#8220; text_align=&#8220;left&#8220;][vc_column_inner column_padding=&#8220;no-extra-padding&#8220; column_padding_tablet=&#8220;inherit&#8220; column_padding_phone=&#8220;inherit&#8220; column_padding_position=&#8220;top&#8220; top_margin_phone=&#8220;40px&#8220; centered_text=&#8220;true&#8220; background_color_opacity=&#8220;1&#8243; background_hover_color_opacity=&#8220;1&#8243; column_shadow=&#8220;none&#8220; column_border_radius=&#8220;none&#8220; column_link_target=&#8220;_self&#8220; gradient_direction=&#8220;left_to_right&#8220; overlay_strength=&#8220;0.3&#8243; width=&#8220;1\/1&#8243; tablet_width_inherit=&#8220;default&#8220; column_border_width=&#8220;none&#8220; column_border_style=&#8220;solid&#8220; bg_image_animation=&#8220;none&#8220; enable_animation=&#8220;true&#8220; animation=&#8220;fade-in&#8220;][vc_column_text css=&#8220;.vc_custom_1615203356485{margin-bottom: -3px !important;}&#8220;]\n<h2>Support Portal<\/h2>\n[\/vc_column_text][divider line_type=&#8220;Small Line&#8220; line_alignment=&#8220;default&#8220; line_thickness=&#8220;3&#8243; divider_color=&#8220;extra-color-gradient-2&#8243; animate=&#8220;yes&#8220; custom_line_width=&#8220;140&#8243; delay=&#8220;100&#8243;][divider line_type=&#8220;No Line&#8220; custom_height=&#8220;25&#8243;][vc_column_text max_width=&#8220;800&#8243;]<span style=\"color: #007589;\">Whether you need help with integrating your vision hardware into your system or connecting to your software, need your device repaired, or want to download technical documentation as well as software for IMAGO hardware, the IMAGO team is here to help.<\/span>[\/vc_column_text][divider line_type=&#8220;No Line&#8220; custom_height=&#8220;10&#8243;][\/vc_column_inner][\/vc_row_inner][\/vc_column][\/vc_row][vc_row type=&#8220;full_width_background&#8220; full_screen_row_position=&#8220;middle&#8220; column_margin=&#8220;50px&#8220; equal_height=&#8220;yes&#8220; column_direction=&#8220;default&#8220; column_direction_tablet=&#8220;default&#8220; column_direction_phone=&#8220;default&#8220; bg_color=&#8220;#d8d9d9&#8243; scene_position=&#8220;center&#8220; top_padding=&#8220;3%&#8220; bottom_padding=&#8220;3%&#8220; top_padding_tablet=&#8220;10%&#8220; bottom_padding_tablet=&#8220;2%&#8220; top_padding_phone=&#8220;10%&#8220; bottom_padding_phone=&#8220;4%&#8220; text_color=&#8220;dark&#8220; text_align=&#8220;left&#8220; row_border_radius=&#8220;none&#8220; row_border_radius_applies=&#8220;bg&#8220; overlay_strength=&#8220;0.3&#8243; gradient_direction=&#8220;left_to_right&#8220; shape_divider_position=&#8220;bottom&#8220; bg_image_animation=&#8220;none&#8220; shape_type=&#8220;&#8220;][vc_column column_padding=&#8220;padding-3-percent&#8220; column_padding_tablet=&#8220;inherit&#8220; column_padding_phone=&#8220;inherit&#8220; column_padding_position=&#8220;all&#8220; background_color=&#8220;#ffffff&#8220; background_color_opacity=&#8220;1&#8243; background_hover_color_opacity=&#8220;1&#8243; column_shadow=&#8220;none&#8220; column_border_radius=&#8220;none&#8220; column_link_target=&#8220;_self&#8220; gradient_direction=&#8220;left_to_right&#8220; overlay_strength=&#8220;0.3&#8243; width=&#8220;1\/2&#8243; tablet_width_inherit=&#8220;default&#8220; tablet_text_alignment=&#8220;default&#8220; phone_text_alignment=&#8220;default&#8220; column_border_width=&#8220;none&#8220; column_border_style=&#8220;solid&#8220; bg_image_animation=&#8220;none&#8220;][nectar_gradient_text heading_tag=&#8220;h3&#8243; color=&#8220;extra-color-gradient-2&#8243; gradient_direction=&#8220;diagonal&#8220; text=&#8220;Support &amp; Repair (RMA)&#8220;][vc_column_text]Submit a Support or RMA request.[\/vc_column_text][vc_column_text el_class=&#8220;extra-line-height-tinyMCE&#8220;]<a href=\"https:\/\/imago-technologies.com\/de\/support-repair\/\"><span style=\"color: #ec6600;\">Direct link to our Support Team <i class=\"icon-default-style iconsmind-Arrow-OutRight extra-color-2\"><\/i><\/span><\/a>[\/vc_column_text][\/vc_column][vc_column column_padding=&#8220;padding-3-percent&#8220; column_padding_tablet=&#8220;inherit&#8220; column_padding_phone=&#8220;inherit&#8220; column_padding_position=&#8220;all&#8220; background_color=&#8220;#ffffff&#8220; background_color_opacity=&#8220;1&#8243; background_hover_color_opacity=&#8220;1&#8243; column_shadow=&#8220;none&#8220; column_border_radius=&#8220;none&#8220; column_link_target=&#8220;_self&#8220; gradient_direction=&#8220;left_to_right&#8220; overlay_strength=&#8220;0.3&#8243; width=&#8220;1\/2&#8243; tablet_width_inherit=&#8220;default&#8220; tablet_text_alignment=&#8220;default&#8220; phone_text_alignment=&#8220;default&#8220; column_border_width=&#8220;none&#8220; column_border_style=&#8220;solid&#8220; bg_image_animation=&#8220;none&#8220;][nectar_gradient_text heading_tag=&#8220;h3&#8243; color=&#8220;extra-color-gradient-2&#8243; gradient_direction=&#8220;diagonal&#8220; text=&#8220;Download-Portal&#8220;][vc_column_text]Download Technical Documentation and Software.[\/vc_column_text][vc_column_text el_class=&#8220;extra-line-height-tinyMCE&#8220;]<a href=\"https:\/\/imago-technologies.com\/de\/download-portal\/\"><span style=\"color: #ec6600;\">Direct link to Download-Portal <i class=\"icon-default-style iconsmind-Arrow-OutRight extra-color-2\"><\/i><\/span><\/a>[\/vc_column_text][\/vc_column][\/vc_row][vc_row type=&#8220;in_container&#8220; full_screen_row_position=&#8220;middle&#8220; column_margin=&#8220;default&#8220; column_direction=&#8220;default&#8220; column_direction_tablet=&#8220;default&#8220; column_direction_phone=&#8220;default&#8220; scene_position=&#8220;center&#8220; text_color=&#8220;dark&#8220; text_align=&#8220;left&#8220; row_border_radius=&#8220;none&#8220; row_border_radius_applies=&#8220;bg&#8220; overlay_strength=&#8220;0.3&#8243; gradient_direction=&#8220;left_to_right&#8220; shape_divider_position=&#8220;bottom&#8220; bg_image_animation=&#8220;none&#8220;][vc_column column_padding=&#8220;no-extra-padding&#8220; column_padding_tablet=&#8220;inherit&#8220; column_padding_phone=&#8220;inherit&#8220; column_padding_position=&#8220;all&#8220; background_color_opacity=&#8220;1&#8243; background_hover_color_opacity=&#8220;1&#8243; column_shadow=&#8220;none&#8220; column_border_radius=&#8220;none&#8220; column_link_target=&#8220;_self&#8220; gradient_direction=&#8220;left_to_right&#8220; overlay_strength=&#8220;0.3&#8243; width=&#8220;1\/1&#8243; tablet_width_inherit=&#8220;default&#8220; tablet_text_alignment=&#8220;default&#8220; phone_text_alignment=&#8220;default&#8220; column_border_width=&#8220;none&#8220; column_border_style=&#8220;solid&#8220; bg_image_animation=&#8220;none&#8220;][divider line_type=&#8220;No Line&#8220; custom_height=&#8220;30&#8243;][\/vc_column][\/vc_row]\n","protected":false},"excerpt":{"rendered":"<p>[vc_row type=&#8220;full_width_content&#8220; full_screen_row_position=&#8220;middle&#8220; column_margin=&#8220;default&#8220; column_direction=&#8220;default&#8220; column_direction_tablet=&#8220;default&#8220; column_direction_phone=&#8220;default&#8220; bg_color=&#8220;#003d5c&#8220; scene_position=&#8220;center&#8220; top_padding=&#8220;0&#8243; constrain_group_1=&#8220;yes&#8220; bottom_padding=&#8220;0&#8243; text_color=&#8220;light&#8220; text_align=&#8220;left&#8220; row_border_radius=&#8220;none&#8220; row_border_radius_applies=&#8220;bg&#8220; overlay_strength=&#8220;0.5&#8243; gradient_direction=&#8220;left_t_to_right_b&#8220; shape_divider_position=&#8220;bottom&#8220; shape_divider_height=&#8220;0&#8243; shape_divider_bring_to_front=&#8220;true&#8220; bg_image_animation=&#8220;none&#8220; parallax_bg=&#8220;true&#8220; parallax_bg_speed=&#8220;fast&#8220; shape_type=&#8220;triangle&#8220;][vc_column&#8230;<\/p>\n","protected":false},"author":21,"featured_media":0,"parent":0,"menu_order":0,"comment_status":"closed","ping_status":"closed","template":"","meta":{"_acf_changed":false,"footnotes":""},"ai-capable":[],"camera-interface":[],"color-mono":[],"cpu":[],"gpu":[],"lens":[],"lens-mount":[],"os":[],"resolution":[],"class_list":["post-8854","page","type-page","status-publish"],"acf":[],"yoast_head":"<!-- This site is optimized with the Yoast SEO plugin v27.6 - https:\/\/yoast.com\/product\/yoast-seo-wordpress\/ -->\n<title>Support f\u00fcr industrielle Vision L\u00f6sungen | IMAGO Technologies<\/title>\n<meta name=\"description\" content=\"Technischer Support f\u00fcr industrielle Vision-L\u00f6sungen. \u2713 Schnell \u2713 Kompetent \u2713 Direkt vom Hersteller.\" \/>\n<meta name=\"robots\" content=\"index, follow, max-snippet:-1, max-image-preview:large, max-video-preview:-1\" \/>\n<link rel=\"canonical\" href=\"https:\/\/imago-technologies.com\/de\/support\/\" \/>\n<meta property=\"og:locale\" content=\"de_DE\" \/>\n<meta property=\"og:type\" content=\"article\" \/>\n<meta property=\"og:title\" content=\"Support f\u00fcr industrielle Vision L\u00f6sungen | IMAGO Technologies\" \/>\n<meta property=\"og:description\" content=\"Technischer Support f\u00fcr industrielle Vision-L\u00f6sungen. \u2713 Schnell \u2713 Kompetent \u2713 Direkt vom Hersteller.\" \/>\n<meta property=\"og:url\" content=\"https:\/\/imago-technologies.com\/de\/support\/\" \/>\n<meta property=\"og:site_name\" content=\"IMAGO Technologies GmbH\" \/>\n<meta property=\"article:modified_time\" content=\"2026-04-27T08:46:32+00:00\" \/>\n<meta name=\"twitter:card\" content=\"summary_large_image\" \/>\n<meta name=\"twitter:label1\" content=\"Gesch\u00e4tzte Lesezeit\" \/>\n\t<meta name=\"twitter:data1\" content=\"7\u00a0Minuten\" \/>\n<script type=\"application\/ld+json\" class=\"yoast-schema-graph\">{\"@context\":\"https:\\\/\\\/schema.org\",\"@graph\":[{\"@type\":\"WebPage\",\"@id\":\"https:\\\/\\\/imago-technologies.com\\\/de\\\/support\\\/\",\"url\":\"https:\\\/\\\/imago-technologies.com\\\/de\\\/support\\\/\",\"name\":\"Support f\u00fcr industrielle Vision L\u00f6sungen | IMAGO Technologies\",\"isPartOf\":{\"@id\":\"https:\\\/\\\/imago-technologies.com\\\/de\\\/#website\"},\"datePublished\":\"2021-03-09T08:58:40+00:00\",\"dateModified\":\"2026-04-27T08:46:32+00:00\",\"description\":\"Technischer Support f\u00fcr industrielle Vision-L\u00f6sungen. \u2713 Schnell \u2713 Kompetent \u2713 Direkt vom Hersteller.\",\"breadcrumb\":{\"@id\":\"https:\\\/\\\/imago-technologies.com\\\/de\\\/support\\\/#breadcrumb\"},\"inLanguage\":\"de\",\"potentialAction\":[{\"@type\":\"ReadAction\",\"target\":[\"https:\\\/\\\/imago-technologies.com\\\/de\\\/support\\\/\"]}]},{\"@type\":\"BreadcrumbList\",\"@id\":\"https:\\\/\\\/imago-technologies.com\\\/de\\\/support\\\/#breadcrumb\",\"itemListElement\":[{\"@type\":\"ListItem\",\"position\":1,\"name\":\"Home\",\"item\":\"https:\\\/\\\/imago-technologies.com\\\/de\\\/\"},{\"@type\":\"ListItem\",\"position\":2,\"name\":\"Support\"}]},{\"@type\":\"WebSite\",\"@id\":\"https:\\\/\\\/imago-technologies.com\\\/de\\\/#website\",\"url\":\"https:\\\/\\\/imago-technologies.com\\\/de\\\/\",\"name\":\"IMAGO Technologies GmbH | Embedded Vision Computers\",\"description\":\"IMAGO Technologies provides high-end embedded vision components - IPCs, intelligent cameras and real-time functionality for your vision system.\",\"publisher\":{\"@id\":\"https:\\\/\\\/imago-technologies.com\\\/de\\\/#organization\"},\"potentialAction\":[{\"@type\":\"SearchAction\",\"target\":{\"@type\":\"EntryPoint\",\"urlTemplate\":\"https:\\\/\\\/imago-technologies.com\\\/de\\\/?s={search_term_string}\"},\"query-input\":{\"@type\":\"PropertyValueSpecification\",\"valueRequired\":true,\"valueName\":\"search_term_string\"}}],\"inLanguage\":\"de\"},{\"@type\":\"Organization\",\"@id\":\"https:\\\/\\\/imago-technologies.com\\\/de\\\/#organization\",\"name\":\"IMAGO Technologies GmbH\",\"url\":\"https:\\\/\\\/imago-technologies.com\\\/de\\\/\",\"logo\":{\"@type\":\"ImageObject\",\"inLanguage\":\"de\",\"@id\":\"https:\\\/\\\/imago-technologies.com\\\/de\\\/#\\\/schema\\\/logo\\\/image\\\/\",\"url\":\"https:\\\/\\\/imago-technologies.com\\\/wp-content\\\/uploads\\\/2021\\\/01\\\/imago-logo-header-retina.png\",\"contentUrl\":\"https:\\\/\\\/imago-technologies.com\\\/wp-content\\\/uploads\\\/2021\\\/01\\\/imago-logo-header-retina.png\",\"width\":540,\"height\":157,\"caption\":\"IMAGO Technologies GmbH\"},\"image\":{\"@id\":\"https:\\\/\\\/imago-technologies.com\\\/de\\\/#\\\/schema\\\/logo\\\/image\\\/\"},\"sameAs\":[\"https:\\\/\\\/www.linkedin.com\\\/company\\\/imago-technologies\\\/\",\"https:\\\/\\\/www.youtube.com\\\/channel\\\/UC8F5fU2E-U402kDm5vXSUZA\"]}]}<\/script>\n<!-- \/ Yoast SEO plugin. -->","yoast_head_json":{"title":"Support f\u00fcr industrielle Vision L\u00f6sungen | IMAGO Technologies","description":"Technischer Support f\u00fcr industrielle Vision-L\u00f6sungen. \u2713 Schnell \u2713 Kompetent \u2713 Direkt vom Hersteller.","robots":{"index":"index","follow":"follow","max-snippet":"max-snippet:-1","max-image-preview":"max-image-preview:large","max-video-preview":"max-video-preview:-1"},"canonical":"https:\/\/imago-technologies.com\/de\/support\/","og_locale":"de_DE","og_type":"article","og_title":"Support f\u00fcr industrielle Vision L\u00f6sungen | IMAGO Technologies","og_description":"Technischer Support f\u00fcr industrielle Vision-L\u00f6sungen. \u2713 Schnell \u2713 Kompetent \u2713 Direkt vom Hersteller.","og_url":"https:\/\/imago-technologies.com\/de\/support\/","og_site_name":"IMAGO Technologies GmbH","article_modified_time":"2026-04-27T08:46:32+00:00","twitter_card":"summary_large_image","twitter_misc":{"Gesch\u00e4tzte Lesezeit":"7\u00a0Minuten"},"schema":{"@context":"https:\/\/schema.org","@graph":[{"@type":"WebPage","@id":"https:\/\/imago-technologies.com\/de\/support\/","url":"https:\/\/imago-technologies.com\/de\/support\/","name":"Support f\u00fcr industrielle Vision L\u00f6sungen | IMAGO Technologies","isPartOf":{"@id":"https:\/\/imago-technologies.com\/de\/#website"},"datePublished":"2021-03-09T08:58:40+00:00","dateModified":"2026-04-27T08:46:32+00:00","description":"Technischer Support f\u00fcr industrielle Vision-L\u00f6sungen. \u2713 Schnell \u2713 Kompetent \u2713 Direkt vom Hersteller.","breadcrumb":{"@id":"https:\/\/imago-technologies.com\/de\/support\/#breadcrumb"},"inLanguage":"de","potentialAction":[{"@type":"ReadAction","target":["https:\/\/imago-technologies.com\/de\/support\/"]}]},{"@type":"BreadcrumbList","@id":"https:\/\/imago-technologies.com\/de\/support\/#breadcrumb","itemListElement":[{"@type":"ListItem","position":1,"name":"Home","item":"https:\/\/imago-technologies.com\/de\/"},{"@type":"ListItem","position":2,"name":"Support"}]},{"@type":"WebSite","@id":"https:\/\/imago-technologies.com\/de\/#website","url":"https:\/\/imago-technologies.com\/de\/","name":"IMAGO Technologies GmbH | Embedded Vision Computers","description":"IMAGO Technologies provides high-end embedded vision components - IPCs, intelligent cameras and real-time functionality for your vision system.","publisher":{"@id":"https:\/\/imago-technologies.com\/de\/#organization"},"potentialAction":[{"@type":"SearchAction","target":{"@type":"EntryPoint","urlTemplate":"https:\/\/imago-technologies.com\/de\/?s={search_term_string}"},"query-input":{"@type":"PropertyValueSpecification","valueRequired":true,"valueName":"search_term_string"}}],"inLanguage":"de"},{"@type":"Organization","@id":"https:\/\/imago-technologies.com\/de\/#organization","name":"IMAGO Technologies GmbH","url":"https:\/\/imago-technologies.com\/de\/","logo":{"@type":"ImageObject","inLanguage":"de","@id":"https:\/\/imago-technologies.com\/de\/#\/schema\/logo\/image\/","url":"https:\/\/imago-technologies.com\/wp-content\/uploads\/2021\/01\/imago-logo-header-retina.png","contentUrl":"https:\/\/imago-technologies.com\/wp-content\/uploads\/2021\/01\/imago-logo-header-retina.png","width":540,"height":157,"caption":"IMAGO Technologies GmbH"},"image":{"@id":"https:\/\/imago-technologies.com\/de\/#\/schema\/logo\/image\/"},"sameAs":["https:\/\/www.linkedin.com\/company\/imago-technologies\/","https:\/\/www.youtube.com\/channel\/UC8F5fU2E-U402kDm5vXSUZA"]}]}},"_links":{"self":[{"href":"https:\/\/imago-technologies.com\/de\/wp-json\/wp\/v2\/pages\/8854","targetHints":{"allow":["GET"]}}],"collection":[{"href":"https:\/\/imago-technologies.com\/de\/wp-json\/wp\/v2\/pages"}],"about":[{"href":"https:\/\/imago-technologies.com\/de\/wp-json\/wp\/v2\/types\/page"}],"author":[{"embeddable":true,"href":"https:\/\/imago-technologies.com\/de\/wp-json\/wp\/v2\/users\/21"}],"replies":[{"embeddable":true,"href":"https:\/\/imago-technologies.com\/de\/wp-json\/wp\/v2\/comments?post=8854"}],"version-history":[{"count":2,"href":"https:\/\/imago-technologies.com\/de\/wp-json\/wp\/v2\/pages\/8854\/revisions"}],"predecessor-version":[{"id":8856,"href":"https:\/\/imago-technologies.com\/de\/wp-json\/wp\/v2\/pages\/8854\/revisions\/8856"}],"wp:attachment":[{"href":"https:\/\/imago-technologies.com\/de\/wp-json\/wp\/v2\/media?parent=8854"}],"wp:term":[{"taxonomy":"ai-capable","embeddable":true,"href":"https:\/\/imago-technologies.com\/de\/wp-json\/wp\/v2\/ai-capable?post=8854"},{"taxonomy":"camera-interface","embeddable":true,"href":"https:\/\/imago-technologies.com\/de\/wp-json\/wp\/v2\/camera-interface?post=8854"},{"taxonomy":"color-mono","embeddable":true,"href":"https:\/\/imago-technologies.com\/de\/wp-json\/wp\/v2\/color-mono?post=8854"},{"taxonomy":"cpu","embeddable":true,"href":"https:\/\/imago-technologies.com\/de\/wp-json\/wp\/v2\/cpu?post=8854"},{"taxonomy":"gpu","embeddable":true,"href":"https:\/\/imago-technologies.com\/de\/wp-json\/wp\/v2\/gpu?post=8854"},{"taxonomy":"lens","embeddable":true,"href":"https:\/\/imago-technologies.com\/de\/wp-json\/wp\/v2\/lens?post=8854"},{"taxonomy":"lens-mount","embeddable":true,"href":"https:\/\/imago-technologies.com\/de\/wp-json\/wp\/v2\/lens-mount?post=8854"},{"taxonomy":"os","embeddable":true,"href":"https:\/\/imago-technologies.com\/de\/wp-json\/wp\/v2\/os?post=8854"},{"taxonomy":"resolution","embeddable":true,"href":"https:\/\/imago-technologies.com\/de\/wp-json\/wp\/v2\/resolution?post=8854"}],"curies":[{"name":"wp","href":"https:\/\/api.w.org\/{rel}","templated":true}]}}